{"id":654,"date":"2026-03-28T18:58:08","date_gmt":"2026-03-28T17:58:08","guid":{"rendered":"https:\/\/krobricacademy.com\/?page_id=654"},"modified":"2026-03-28T18:58:09","modified_gmt":"2026-03-28T17:58:09","slug":"kontakt","status":"publish","type":"page","link":"https:\/\/krobricacademy.com\/hr\/kontakt\/","title":{"rendered":"Kontakt"},"content":{"rendered":"<div class=\"wp-block-group alignfull has-global-padding is-content-justification-center is-layout-constrained wp-block-group-is-layout-constrained\" style=\"margin-top:0;margin-bottom:0;padding-top:var(--wp--preset--spacing--50);padding-bottom:var(--wp--preset--spacing--50)\">\n<div class=\"wp-block-columns alignwide is-layout-flex wp-container-core-columns-is-layout-3a88641f wp-block-columns-is-layout-flex\">\n<div class=\"wp-block-column is-layout-flow wp-block-column-is-layout-flow\">\n<h2 class=\"wp-block-heading has-text-align-left\">Kontakt<\/h2>\n\n\n\n<div style=\"height:var(--wp--preset--spacing--10)\" aria-hidden=\"true\" class=\"wp-block-spacer\"><\/div>\n\n\n\n<p class=\"has-text-align-left is-contact-phone-email wp-block-paragraph\">+385 924067731<br>krobricacademy@gmail.com<\/p>\n\n\n\n<div style=\"height:var(--wp--preset--spacing--10)\" aria-hidden=\"true\" class=\"wp-block-spacer\"><\/div>\n\n\n\n<p class=\"is-contact-address wp-block-paragraph\">Radi\u0107evo \u0161etali\u0161te 17<br>10000 Zagreb Hrvatska<\/p>\n<\/div>\n\n\n\n<div class=\"wp-block-column is-layout-flow wp-block-column-is-layout-flow\"><div class=\"wp-block-jetpack-contact-form is-style-default wp-elements-4f47bb7780178668c2b3f70f0c845745\"><a href=\"https:\/\/krobricacademy.com\/hr\/kontakt\/\" target=\"_blank\" rel=\"noopener noreferrer\">Submit a form.<\/a><\/div><\/div>\n<\/div>\n<\/div>","protected":false},"excerpt":{"rendered":"<p>Kontakt +385 924067731krobricacademy@gmail.com Radi\u0107evo \u0161etali\u0161te 1710000 Zagreb Hrvatska<\/p>","protected":false},"author":251207426,"featured_media":0,"parent":0,"menu_order":0,"comment_status":"closed","ping_status":"closed","template":"","meta":{"_crdt_document":"","advanced_seo_description":"","jetpack_seo_html_title":"","jetpack_seo_noindex":false,"jetpack_post_was_ever_published":false,"footnotes":""},"class_list":["post-654","page","type-page","status-publish","hentry"],"jetpack_likes_enabled":true,"jetpack_sharing_enabled":true,"jetpack_shortlink":"https:\/\/wp.me\/PfNAny-ay","jetpack-related-posts":[],"_links":{"self":[{"href":"https:\/\/krobricacademy.com\/hr\/wp-json\/wp\/v2\/pages\/654","targetHints":{"allow":["GET"]}}],"collection":[{"href":"https:\/\/krobricacademy.com\/hr\/wp-json\/wp\/v2\/pages"}],"about":[{"href":"https:\/\/krobricacademy.com\/hr\/wp-json\/wp\/v2\/types\/page"}],"author":[{"embeddable":true,"href":"https:\/\/krobricacademy.com\/hr\/wp-json\/wp\/v2\/users\/251207426"}],"replies":[{"embeddable":true,"href":"https:\/\/krobricacademy.com\/hr\/wp-json\/wp\/v2\/comments?post=654"}],"version-history":[{"count":2,"href":"https:\/\/krobricacademy.com\/hr\/wp-json\/wp\/v2\/pages\/654\/revisions"}],"predecessor-version":[{"id":656,"href":"https:\/\/krobricacademy.com\/hr\/wp-json\/wp\/v2\/pages\/654\/revisions\/656"}],"wp:attachment":[{"href":"https:\/\/krobricacademy.com\/hr\/wp-json\/wp\/v2\/media?parent=654"}],"curies":[{"name":"wp","href":"https:\/\/api.w.org\/{rel}","templated":true}]}}